{"id":1170,"date":"2025-02-06T08:30:45","date_gmt":"2025-02-06T07:30:45","guid":{"rendered":"https:\/\/bd-test.hama.com\/?page_id=1170"},"modified":"2025-09-08T13:07:12","modified_gmt":"2025-09-08T11:07:12","slug":"impressum","status":"publish","type":"page","link":"https:\/\/brand-distribution.com\/en\/impressum\/","title":{"rendered":"Legal information"},"content":{"rendered":"<div class=\"wp-block-group has-contrast-color has-text-color has-link-color wp-elements-da90de9bf3a62d4dfc787b65c49bcd4f has-global-padding is-content-justification-center is-layout-constrained wp-block-group-is-layout-constrained\" style=\"margin-top:var(--wp--preset--spacing--50);margin-bottom:var(--wp--preset--spacing--50)\">\n<h1 class=\"wp-block-heading\">Legal information<\/h1>\n\n\n\n<div style=\"height:100px\" aria-hidden=\"true\" class=\"wp-block-spacer\"><\/div>\n\n\n\n<p><\/p>\n\n\n\n<p><strong>Brand Distribution GmbH<\/strong><\/p>\n\n\n\n<p style=\"margin-top:var(--wp--preset--spacing--30);margin-bottom:var(--wp--preset--spacing--30)\">Dresdner Stra\u00dfe 9<br>86653 Monheim<br>Germany<\/p>\n\n\n\n<p>Phone.:+49 \/ (0) 9091 \/ 42696 74<br>E-Mail: service@brand-distribution.com<br><\/p>\n\n\n\n<p>Register Court: Augsburg Local Court<br>Register number: HRB 40699<\/p>\n\n\n\n<p style=\"margin-top:var(--wp--preset--spacing--30);margin-bottom:var(--wp--preset--spacing--30)\"><br>Gesch\u00e4ftsf\u00fchrer:innen: Christian Sokcevic<\/p>\n\n\n\n<p>Umsatzsteuer-Identifikationsnummer: DE313570295<\/p>\n\n\n\n<p><\/p>\n\n\n\n<p><em>Registrierung f\u00fcr Zwecke der Mehrwertsteuer in der Schweiz:<br>Brand Distribution GmbH, Monheim (Bayern)\/DE<br>c\/o HAMA Technics AG<br>Brunnenstrasse 1<br>8604 Volketswil<br>Schweiz<\/em><br><br>WEEE reg. no. DE38720470<br>Information obligations according to \u00a718 para. 4 sentence 3 ElektroG:<br><a href=\"https:\/\/www.bmuv.de\/themen\/wasser-ressourcen-abfall\/kreislaufwirtschaft\/statistiken\/elektro-und-elektronikaltgeraete\" target=\"_blank\" rel=\"noreferrer noopener\">https:\/\/www.bmuv.de\/themen\/wasser-ressourcen-abfall\/kreislaufwirtschaft\/statistiken\/elektro-und-elektronikaltgeraete<\/a><br><br>Responsible party within the meaning of \u00a7 18 para. 2 MStV:<br>Christian Sokcevic, Dresdner Str. 9, 86653 Monheim<br><br>Platform of the EU Commission for online dispute resolution:\u00a0<a href=\"https:\/\/ec.europa.eu\/odr\" target=\"_blank\" rel=\"noreferrer noopener\">https:\/\/ec.europa.eu\/odr<\/a><br><br>We are not obliged to participate in a dispute resolution procedure before a consumer arbitration board, but we are prepared to do so.<\/p>\n<\/div>","protected":false},"excerpt":{"rendered":"<p>Impressum Brand Distribution GmbH Dresdner Stra\u00dfe 986653 MonheimDeutschland Tel.: +49 \/ (0) 9091 \/ 42696 74E-Mail: service@brand-distribution.com Registergericht: Amtsgericht AugsburgRegisternummer: HRB 40699 Gesch\u00e4ftsf\u00fchrer:innen: Christian Sokcevic Umsatzsteuer-Identifikationsnummer: DE313570295 Registrierung f\u00fcr Zwecke der Mehrwertsteuer in der Schweiz:Brand Distribution GmbH, Monheim (Bayern)\/DEc\/o HAMA Technics AGBrunnenstrasse 18604 VolketswilSchweiz WEEE-Reg.-Nr. DE38720470Informationspflichten gem\u00e4\u00df \u00a718 Abs. 4 Satz 3 ElektroG:https:\/\/www.bmuv.de\/themen\/wasser-ressourcen-abfall\/kreislaufwirtschaft\/statistiken\/elektro-und-elektronikaltgeraete Verantwortliche\/r i.S.d. [&hellip;]<\/p>\n","protected":false},"author":4,"featured_media":0,"parent":0,"menu_order":0,"comment_status":"closed","ping_status":"closed","template":"","meta":{"footnotes":""},"class_list":["post-1170","page","type-page","status-publish","hentry"],"_links":{"self":[{"href":"https:\/\/brand-distribution.com\/en\/wp-json\/wp\/v2\/pages\/1170","targetHints":{"allow":["GET"]}}],"collection":[{"href":"https:\/\/brand-distribution.com\/en\/wp-json\/wp\/v2\/pages"}],"about":[{"href":"https:\/\/brand-distribution.com\/en\/wp-json\/wp\/v2\/types\/page"}],"author":[{"embeddable":true,"href":"https:\/\/brand-distribution.com\/en\/wp-json\/wp\/v2\/users\/4"}],"replies":[{"embeddable":true,"href":"https:\/\/brand-distribution.com\/en\/wp-json\/wp\/v2\/comments?post=1170"}],"version-history":[{"count":21,"href":"https:\/\/brand-distribution.com\/en\/wp-json\/wp\/v2\/pages\/1170\/revisions"}],"predecessor-version":[{"id":1471,"href":"https:\/\/brand-distribution.com\/en\/wp-json\/wp\/v2\/pages\/1170\/revisions\/1471"}],"wp:attachment":[{"href":"https:\/\/brand-distribution.com\/en\/wp-json\/wp\/v2\/media?parent=1170"}],"curies":[{"name":"wp","href":"https:\/\/api.w.org\/{rel}","templated":true}]}}